{"id":61,"date":"2020-03-05T15:40:43","date_gmt":"2020-03-05T15:40:43","guid":{"rendered":"https:\/\/web351.lenny.servertools24.de\/rbneu\/?page_id=61"},"modified":"2023-01-12T12:11:48","modified_gmt":"2023-01-12T12:11:48","slug":"kontakt","status":"publish","type":"page","link":"https:\/\/rhein-bruecke.com\/?page_id=61","title":{"rendered":"Kontakt"},"content":{"rendered":"\n<p class=\"has-button-hover-text-color-color has-text-color\"><strong>Kontakt<\/strong><\/p>\n\n\n\n<p>die.maler(at)rhein-bruecke.com<\/p>\n\n\n\n<p>Newsletter anmelden \/ Nachricht an die RheinBr\u00fccke:<br>\n<\/p>\n\n\n\n<div class=\"wpcf7 no-js\" id=\"wpcf7-f141-o1\" lang=\"de-DE\" dir=\"ltr\" data-wpcf7-id=\"141\">\n<div class=\"screen-reader-response\"><p role=\"status\" aria-live=\"polite\" aria-atomic=\"true\"><\/p> <ul><\/ul><\/div>\n<form action=\"\/index.php?rest_route=%2Fwp%2Fv2%2Fpages%2F61#wpcf7-f141-o1\" method=\"post\" class=\"wpcf7-form init\" aria-label=\"Kontaktformular\" novalidate=\"novalidate\" data-status=\"init\">\n<fieldset class=\"hidden-fields-container\"><input type=\"hidden\" name=\"_wpcf7\" value=\"141\" \/><input type=\"hidden\" name=\"_wpcf7_version\" value=\"6.1.5\" \/><input type=\"hidden\" name=\"_wpcf7_locale\" value=\"de_DE\" \/><input type=\"hidden\" name=\"_wpcf7_unit_tag\" value=\"wpcf7-f141-o1\" \/><input type=\"hidden\" name=\"_wpcf7_container_post\" value=\"0\" \/><input type=\"hidden\" name=\"_wpcf7_posted_data_hash\" value=\"\" \/>\n<\/fieldset>\n<p><label> Ihr Name (Pflichtfeld)<br \/>\n<span class=\"wpcf7-form-control-wrap\" data-name=\"your-name\"><input size=\"40\" maxlength=\"400\" class=\"wpcf7-form-control wpcf7-text\" aria-invalid=\"false\" value=\"\" type=\"text\" name=\"your-name\" \/><\/span> <\/label>\n<\/p>\n<p><span id=\"wpcf7-6a01c69b0ecff-wrapper\" class=\"wpcf7-form-control-wrap DeinVornamePflichtfeld-wrap\" ><label for=\"wpcf7-6a01c69b0ecff-field\" class=\"hp-message\">Bitte lasse dieses Feld leer.<\/label><input id=\"wpcf7-6a01c69b0ecff-field\"  class=\"wpcf7-form-control wpcf7-text\" type=\"text\" name=\"DeinVornamePflichtfeld\" value=\"\" size=\"40\" tabindex=\"-1\" autocomplete=\"new-password\" \/><\/span>\n<\/p>\n<p><label> Ihre E-Mail-Adresse (Pflichtfeld)<br \/>\n<span class=\"wpcf7-form-control-wrap\" data-name=\"your-email\"><input size=\"40\" maxlength=\"400\" class=\"wpcf7-form-control wpcf7-email wpcf7-validates-as-required wpcf7-text wpcf7-validates-as-email\" aria-required=\"true\" aria-invalid=\"false\" value=\"\" type=\"email\" name=\"your-email\" \/><\/span> <\/label>\n<\/p>\n<p><label> Betreff<br \/>\n<span class=\"wpcf7-form-control-wrap\" data-name=\"your-subject\"><input size=\"40\" maxlength=\"400\" class=\"wpcf7-form-control wpcf7-text\" aria-invalid=\"false\" value=\"\" type=\"text\" name=\"your-subject\" \/><\/span> <\/label>\n<\/p>\n<p><span class=\"wpcf7-form-control-wrap\" data-name=\"acceptance-602\"><span class=\"wpcf7-form-control wpcf7-acceptance optional\"><span class=\"wpcf7-list-item\"><label><input type=\"checkbox\" name=\"acceptance-602\" value=\"1\" aria-invalid=\"false\" \/><span class=\"wpcf7-list-item-label\">Bitte senden Sie mir E-Mail-Einladungen zu kommenden Ausstellungen und Veranstaltungen der RheinBr\u00fccke (bitte ggf. ankreuzen).<\/span><\/label><\/span><\/span><\/span>\n<\/p>\n<p><span class=\"wpcf7-form-control-wrap\" data-name=\"acceptance-88\"><span class=\"wpcf7-form-control wpcf7-acceptance optional\"><span class=\"wpcf7-list-item\"><label><input type=\"checkbox\" name=\"acceptance-88\" value=\"1\" aria-invalid=\"false\" \/><span class=\"wpcf7-list-item-label\">Auch von Veranstaltungen der einzelnen Gruppenmitglieder (ggf. ebenfalls ankreuzen).<\/span><\/label><\/span><\/span><\/span>\n<\/p>\n<p>Ich kann mich jederzeit wieder vom Newsletter abmelden.\n<\/p>\n<p><span class=\"wpcf7-form-control-wrap\" data-name=\"acceptance-103\"><span class=\"wpcf7-form-control wpcf7-acceptance\"><span class=\"wpcf7-list-item\"><label><input type=\"checkbox\" name=\"acceptance-103\" value=\"1\" aria-invalid=\"false\" \/><span class=\"wpcf7-list-item-label\">Die <a href=\"#datenschutzerklaerung\">Datenschutzerkl\u00e4rung<\/a> (weiter unten auf dieser Seite) habe ich gelesen und akzeptiert (notwendiges Feld).<\/span><\/label><\/span><\/span><\/span>\n<\/p>\n<p><label> Eigene Nachricht:<br \/>\n<span class=\"wpcf7-form-control-wrap\" data-name=\"EigeneNachricht\"><textarea cols=\"40\" rows=\"10\" maxlength=\"2000\" class=\"wpcf7-form-control wpcf7-textarea eigeneN2\" id=\"eigenenachricht\" aria-invalid=\"false\" placeholder=\"Eigene Nachricht\" name=\"EigeneNachricht\"><\/textarea><\/span><br \/>\n<\/label>\n<\/p>\n<p><input class=\"wpcf7-form-control wpcf7-submit has-spinner\" type=\"submit\" value=\"Senden\" \/>\n<\/p><div class=\"wpcf7-response-output\" aria-hidden=\"true\"><\/div>\n<\/form>\n<\/div>\n\n\n\n\n<p class=\"has-button-hover-text-color-color has-text-color\"><br><strong>Atelieradressen<\/strong><\/p>\n\n\n\n<p>Min Clara Kim &amp; Hugo Boguslawski<br>(Atelierhaus Walzwerkstra\u00dfe)<br>Atelier B 2-5<br>Stephanstra\u00dfe 10<br>40599 D\u00fcsseldorf<br>T. 0211 \/ 2406390<br><br>Elizabeth Weckes &amp; Matthias Brock<br>Atelier K\u00f6lner Stra\u00dfe 180<br>50226 Frechen<br>T. 02234 \/ 271152<\/p>\n\n\n\n<p><\/p>\n\n\n\n<p><\/p>\n\n\n\n<p><\/p>\n\n\n\n<p><\/p>\n\n\n\n<span id=\"datenschutzerklaerung\">&nbsp;<\/span>\n\n\n\n<p><strong>Datenschutzerkl\u00e4rung<\/strong><\/p>\n\n\n\n<p>&nbsp;&nbsp;In dieser Datenschutzerkl\u00e4rung informieren wir Sie \u00fcber die Verarbeitung personenbezogener Daten bei der Nutzung dieser Website.<\/p>\n\n\n\n<p><strong>Verantwortlicher<\/strong><\/p>\n\n\n\n<p>Verantwortlich f\u00fcr die Datenverarbeitung ist<br><em>Hugo Boguslawski, Stephanstra\u00dfe 10, 40599 D\u00fcsseldorf, Tel.: 0211 2406390 und E-Mail-Adresse: atelier[at]hugo-boguslawski.com<\/em><\/p>\n\n\n\n<p><strong>Personenbezogene Daten<\/strong><\/p>\n\n\n\n<p>Personenbezogene Daten sind alle Informationen, die sich auf eine identifizierte oder identifizierbare nat\u00fcrliche Person (im Folgenden &#8222;betroffene Person&#8220;) beziehen. Als identifizierbar wird eine nat\u00fcrliche Person angesehen, die direkt oder indirekt, insbesondere mittels Zuordnung zu einer Kennung wie einem Namen, zu einer Kennnummer, zu Standortdaten, zu einer Online-Kennung oder zu einem oder mehreren besonderen Merkmalen identifiziert werden kann, die Ausdruck der physischen, physiologischen, genetischen, psychischen, wirtschaftlichen, kulturellen oder sozialen Identit\u00e4t dieser nat\u00fcrlichen Person sind.<\/p>\n\n\n\n<p><strong>Daten beim Websiteaufruf<\/strong><\/p>\n\n\n\n<p>Wenn Sie diese Website nur nutzen, um sich zu informieren und keine Daten angeben, dann verarbeiten wir nur die Daten, die zur Anzeige der Website auf dem von Ihnen verwendeten internetf\u00e4higen Ger\u00e4t erforderlich sind. Das sind insbesondere:<\/p>\n\n\n\n<p>IP-Adresse<br>Datum und Uhrzeit der Anfrage<br>jeweils \u00fcbertragene Datenmenge<br>die Website, von der die Anforderung kommt<br>Browsertyp und Browserversion<br>Betriebssystem<\/p>\n\n\n\n<p>Rechtsgrundlage f\u00fcr die Verarbeitung dieser Daten sind berechtigte Interessen gem\u00e4\u00df Art. 6 Abs. 1 UAbs. 1 Buchstabe f) DSGVO, um die Darstellung der Website grunds\u00e4tzlich zu erm\u00f6glichen.<\/p>\n\n\n\n<p>Dar\u00fcber hinaus k\u00f6nnen Sie verschiedene Leistungen auf der Website nutzen, bei der weitere personenbezogene und nicht personenbezogene Daten verarbeitet werden.<\/p>\n\n\n\n<p><strong>Ihre Rechte<\/strong><\/p>\n\n\n\n<p>Als betroffene Person haben Sie folgende Rechte:<\/p>\n\n\n\n<p>Sie haben ein Auskunftsrecht bez\u00fcglich der Sie betreffenden personenbezogenen Daten, die der Verantwortliche verarbeitet (Art. 15 DSGVO),<br>Sie haben das Recht auf Berichtigung der Sie betreffenden Daten, wenn diese unrichtig oder unvollst\u00e4ndig gespeichert werden (Art. 16 DSGVO),<br>Sie haben das Recht auf L\u00f6schung (Art. 17 DSGVO),<br>Sie haben das Recht, die Einschr\u00e4nkung der Verarbeitung Ihrer personenbezogenen Daten zu verlangen (Art. 18 DSGVO),<br>Sie haben das Recht auf Daten\u00fcbertragbarkeit (Art. 20 DSGVO),<br>Sie haben ein Widerspruchsrecht gegen die Verarbeitung Sie betreffender personenbezogener Daten (Art. 21 DSGVO),<br>Sie haben das Recht nicht einer ausschlie\u00dflich auf einer automatisierten Verarbeitung \u2013 einschlie\u00dflich Profiling \u2013 beruhenden Entscheidung unterworfen zu werden, die Ihnen gegen\u00fcber rechtliche Wirkung entfaltet oder sie in \u00e4hnlicher Weise erheblich beeintr\u00e4chtigt (Art. 22 DSGVO),<br>Sie haben das Recht, sich bei einem vermuteten Versto\u00df gegen das Datenschutzrecht bei der zust\u00e4ndigen Aufsichtsbeh\u00f6rde zu beschweren (Art. 77 DSGVO). <br>Zust\u00e4ndig ist die Aufsichtsbeh\u00f6rde an Ihrem \u00fcblichen Aufenthaltsort, Arbeitsplatz oder am Ort des vermuteten Versto\u00dfes<\/p>\n\n\n\n<p><strong>Einsatz von Cookies&nbsp;<\/strong><\/p>\n\n\n\n<p>Beim Besuch der Website k\u00f6nnen Cookies auf Ihrem Ger\u00e4t gespeichert werden. Cookies sind kleine Textdateien, die von dem von Ihnen verwendeten Browser gespeichert werden. Cookies k\u00f6nnen keine Programme ausf\u00fchren und auch keine Viren auf Ihr Ger\u00e4t \u00fcbertragen. Die Stelle, die den Cookie setzt, kann dar\u00fcber jedoch bestimmte Informationen erhalten. Cookies dienen dazu, das Internetangebot benutzerfreundlicher zu machen. Mithilfe von Cookies kann beispielsweise das Ger\u00e4t, mit dem diese Website aufgerufen wurde, bei einem erneuten Aufruf erkannt werden.<\/p>\n\n\n\n<p>Durch die Browsereinstellungen l\u00e4sst sich das Setzen von Cookies einschr\u00e4nken oder verhindern. So kann z. B. nur die Annahme von Cookies, die von Drittanbietern stammen, blockiert werden oder aber auch die Annahme von allen Cookies. Durch das Blockieren sind jedoch m\u00f6glicherweise nicht mehr alle Funktionen dieser Website nutzbar. Im weiteren Text dieser Datenschutzerkl\u00e4rung informieren wir Sie konkret, an welchen Stellen und zu welchen Zwecken Cookies auf den Seiten zum Einsatz kommen.<\/p>\n\n\n\n<p>Quelle: <a href=\"https:\/\/www.anwalt.de\/vorlage\/muster-datenschutzerklaerung.php\">Muster-Datenschutzerkl\u00e4rung von anwalt.de<\/a><\/p>\n\n\n\n<p><\/p>\n\n\n\n<p><strong>Newsletter<\/strong><\/p>\n\n\n\n<p>Wenn Sie den Newsletter \u00fcber das Kontaktformular (s.o.) bestellen, werden Sie Einladungen zu Ausstellungen und Veranstaltungen erhalten <br>\u2013 der K\u00fcnstlergruppe RheinBr\u00fccke,<br>sowie deren Mitglieder im Einzelnen:<br>\u2013 Min Clara Kim<br>\u2013 Hugo Boguslawski<br>\u2013 Elizabeth Weckes<br>\u2013 Matthias Brock<\/p>\n\n\n\n<p>Sie k\u00f6nnen den Newsletter jederzeit wieder abbestellen.<\/p>\n","protected":false},"excerpt":{"rendered":"<p>Kontakt die.maler(at)rhein-bruecke.com Newsletter anmelden \/ Nachricht an die RheinBr\u00fccke: Atelieradressen Min Clara Kim &amp; Hugo Boguslawski(Atelierhaus Walzwerkstra\u00dfe)Atelier B 2-5Stephanstra\u00dfe 1040599 D\u00fcsseldorfT. 0211 \/ 2406390 Elizabeth Weckes &amp; Matthias BrockAtelier K\u00f6lner Stra\u00dfe 18050226 FrechenT. 02234 \/ 271152 &nbsp; Datenschutzerkl\u00e4rung &nbsp;&nbsp;In dieser &hellip;<\/p>\n<p class=\"read-more\"> <a class=\"more-link\" href=\"https:\/\/rhein-bruecke.com\/?page_id=61\"> <span class=\"screen-reader-text\">Kontakt<\/span> Weiterlesen &raquo;<\/a><\/p>\n","protected":false},"author":1,"featured_media":0,"parent":0,"menu_order":0,"comment_status":"closed","ping_status":"closed","template":"","meta":{"footnotes":""},"class_list":["post-61","page","type-page","status-publish","hentry"],"_links":{"self":[{"href":"https:\/\/rhein-bruecke.com\/index.php?rest_route=\/wp\/v2\/pages\/61","targetHints":{"allow":["GET"]}}],"collection":[{"href":"https:\/\/rhein-bruecke.com\/index.php?rest_route=\/wp\/v2\/pages"}],"about":[{"href":"https:\/\/rhein-bruecke.com\/index.php?rest_route=\/wp\/v2\/types\/page"}],"author":[{"embeddable":true,"href":"https:\/\/rhein-bruecke.com\/index.php?rest_route=\/wp\/v2\/users\/1"}],"replies":[{"embeddable":true,"href":"https:\/\/rhein-bruecke.com\/index.php?rest_route=%2Fwp%2Fv2%2Fcomments&post=61"}],"version-history":[{"count":13,"href":"https:\/\/rhein-bruecke.com\/index.php?rest_route=\/wp\/v2\/pages\/61\/revisions"}],"predecessor-version":[{"id":433,"href":"https:\/\/rhein-bruecke.com\/index.php?rest_route=\/wp\/v2\/pages\/61\/revisions\/433"}],"wp:attachment":[{"href":"https:\/\/rhein-bruecke.com\/index.php?rest_route=%2Fwp%2Fv2%2Fmedia&parent=61"}],"curies":[{"name":"wp","href":"https:\/\/api.w.org\/{rel}","templated":true}]}}