{"id":50,"date":"2020-03-05T15:36:34","date_gmt":"2020-03-05T15:36:34","guid":{"rendered":"https:\/\/web351.lenny.servertools24.de\/rbneu\/?page_id=50"},"modified":"2025-10-21T07:52:31","modified_gmt":"2025-10-21T07:52:31","slug":"aktuell","status":"publish","type":"page","link":"https:\/\/rhein-bruecke.com\/","title":{"rendered":"Aktuell"},"content":{"rendered":"\n<p class=\"has-responsive-main-container-background-color-color has-text-color has-link-color wp-elements-941bb194909e718f52039bad6c89e52b\"><\/p>\n\n\n\n<p class=\"has-button-hover-text-color-color has-text-color\"><strong>Fr\u00fchere Ausstellungen<\/strong><\/p>\n\n\n\n<p class=\"has-button-text-color-background-color has-background has-normal-font-size\"><strong><strong><strong>DIE TIEFE DES SICHTBAREN<\/strong><\/strong><\/strong><br><strong>K\u00fcnstlergruppe RheinBr\u00fccke<\/strong><br>plus Special Guest: Hermann-Josef Kuhna<br>Galerie Hovestadt | Nottuln<br><br>15. Juni \u2013 09. August 2025<br><strong>Vernissage: Sonntag, 15. Juni 2025, 12 Uhr<\/strong><br><strong>Einf\u00fchrung<\/strong>: Dr. Gabriele Hovestadt, Nottuln<br>Finissage: Freitag, 08. August 2025 | ab 18 Uhr<br><br>Galerie Hovestadt<br>Stockum 7<br>48301 Nottuln<br><br><strong>\u00d6ffnungszeiten<\/strong>: mittwochs bis samstags 15\u201318 Uhr<br><br>Einladung erhalten \u2192 zum <a href=\"https:\/\/rhein-bruecke.com\/?page_id=61\">Kontaktformular<\/a><br><a href=\"https:\/\/rhein-bruecke.com\/wp-content\/uploads\/2025\/05\/EK-RB_Hov2025-interactive.pdf\" target=\"_blank\" rel=\"noreferrer noopener\">Einladung \u2192 hier direkt ansehen und herunterladen<\/a><\/p>\n\n\n\n<p class=\"has-button-text-color-background-color has-background has-normal-font-size\"><strong><strong><strong>DIE TIEFE DES SICHTBAREN<\/strong><\/strong><\/strong><br><strong>Ausstellungshalle Hawerkamp<\/strong><br>M\u00fcnster<br><br>K\u00fcnstlergruppe RheinBr\u00fccke: <br><strong>Hugo Boguslawski \u2022 Matthias Brock \u2022 Min Clara Kim \u2022 Elizabeth Weckes<\/strong><br><br>25. April \u2013 25. Mai 2025<br><strong>Vernissage: Freitag, 25. April 2025, 19 Uhr<\/strong><br><strong>Einf\u00fchrung<\/strong>: Ralf Hartweg, Kunsthistoriker und Kurator, M\u00fcnster<br>Finissage: Sonntag, 25. Mai 2025<br><br>Ausstellungshalle Hawerkamp<br>Am Hawerkamp 31<br>48155 M\u00fcnster<br><br><strong>\u00d6ffnungszeiten<\/strong>: samstags 15-18 Uhr, sonntags 12-18 Uhr<br><br>Einladung erhalten \u2192 zum <a href=\"https:\/\/rhein-bruecke.com\/?page_id=61\">Kontaktformular<\/a><br><a href=\"https:\/\/rhein-bruecke.com\/wp-content\/uploads\/2025\/04\/Einladung-RheinBruecke-Hawerkamp-2025.pdf\" target=\"_blank\" rel=\"noreferrer noopener\">Einladung \u2192 hier direkt herunterladen<\/a><br><\/p>\n\n\n\n<p class=\"has-button-text-color-background-color has-background has-normal-font-size\"><strong>Schon\/Wider die Natur<\/strong><br>Kunst im Anthropoz\u00e4n<br><strong>Gallery Puzi\u0107<\/strong><br>Saarbr\u00fccken<br><br>K\u00fcnstlergruppe RheinBr\u00fccke und andere: <br><strong>Hugo Boguslawski \u2022 Matthias Brock \u2022 Joachim Ickrath \u2022 Min Clara Kim \u2022 Andr\u00e9 Mail\u00e4nder \u2022 J\u00f6rg Mathias Munz \u2022 Roman Redzimski <strong>\u2022<\/strong> Matthias Surges \u2022 Elizabeth Weckes<\/strong><br><br>3. Dezember 2024 \u2013 12. Januar 2025<br><strong>Vernissage: Dienstag, 3. Dezember 2024, 18\u201321 Uhr<\/strong><br><br>Zur Wanderausstellung ReNatur ist ein umfangreicher Katalog erschienen.<br><br>Gallery Puzi\u0107<br>Johannisstra\u00dfe 3A<br>66111 Saarbr\u00fccken<br><br>Einladung erhalten \u2192 zum <a href=\"https:\/\/rhein-bruecke.com\/?page_id=61\">Kontaktformular<\/a><br><br>\u2022&nbsp;<a href=\"https:\/\/ReNatur.art\" target=\"_blank\" rel=\"noreferrer noopener\">https:\/\/ReNatur.art<\/a><br>\u2022&nbsp;<a href=\"https:\/\/gallery-puzic.com\/\" target=\"_blank\" rel=\"noreferrer noopener\">https:\/\/gallery-puzic.com\/<\/a><\/p>\n\n\n\n<p class=\"has-button-text-color-background-color has-background has-normal-font-size\"><strong>ReNatur \u2022 Zehn K\u00fcnstler*innen aus dem Rheinland und Saarland sehen die Natur<\/strong><br>K\u00fcnstlerzeche Unser Fritz 2\/3<br>Herne<br><br>K\u00fcnstlergruppe RheinBr\u00fccke und andere: <br><strong>Hugo Boguslawski \u2022 Matthias Brock \u2022 Werner Constroffer \u2022 Joachim Ickrath \u2022 Min Clara Kim \u2022 Andr\u00e9 Mail\u00e4nder \u2022 J\u00f6rg Mathias Munz \u2022 Roman Redzimski \u2022 Lars Reiffers \u2022&nbsp;Elizabeth Weckes<\/strong><br><br>28. Mai \u2013 3. Juli 2022<br><strong>Vernissage: Samstag, 28. Mai 2022, 17 Uhr<\/strong><br>Es erscheint ein umfangreicher Katalog<br><br>Einladung erhalten \u2192 zum <a href=\"https:\/\/rhein-bruecke.com\/?page_id=61\">Kontaktformular<\/a><br><br>\u2022&nbsp;<a rel=\"noreferrer noopener\" href=\"https:\/\/ReNatur.art\" target=\"_blank\">https:\/\/ReNatur.art<\/a><\/p>\n\n\n\n<p class=\"has-background has-normal-font-size\" style=\"background-color:#f4f4f4\"><strong><strong>IN DER TIEFE DES SICHTBAREN<\/strong><\/strong><br><a href=\"https:\/\/www.haus-graven.de\/\" target=\"_blank\" rel=\"noreferrer noopener\">Wasserburg Haus Graven<br>Langenfeld\/Rhld.<\/a><br><br><strong>Lars Reiffers<\/strong> und die K\u00fcnstlergruppe RheinBr\u00fccke: <br><strong>Hugo Boguslawski \u2022 Matthias Brock \u2022 Min Clara Kim \u2022&nbsp;Elizabeth Weckes<\/strong><br><br>5. September \u2013 1. November 2021<br><strong>Vernissage: Sonntag, 5. September 2021<br>11.30 Uhr<\/strong><br><br><a href=\"https:\/\/www.haus-graven.de\/so-05-09-bis-mo-01-11-2021-in-der-tiefe-des-sichtbaren\/\" target=\"_blank\" rel=\"noreferrer noopener\">https:\/\/www.haus-graven.de\/so-05-09-bis-mo-01-11-2021-in-der-tiefe-des-sichtbaren\/<\/a><br><strong><span class=\"has-inline-color has-button-hover-text-color-color\"><\/span><\/strong><br>Einladung erhalten \u2192 zum <a href=\"https:\/\/rhein-bruecke.com\/?page_id=61\">Kontaktformular<\/a><br><\/p>\n\n\n\n<p class=\"has-background\" style=\"background-color:#f4f4f4\"><strong><strong>ReNatur \u2022 Kunst im Anthropoz\u00e4n<\/strong><\/strong><br>Grube Reden zu Landsweiler<br>Schiffweiler<br><br>K\u00fcnstlergruppe RheinBr\u00fccke und andere:<br><strong>Hugo Boguslawski \u2022 Matthias Brock \u2022 Werner Constroffer \u2022 Joachim Ickrath \u2022 Min Clara Kim \u2022 Andr\u00e9 Mail\u00e4nder \u2022 J\u00f6rg Mathias Munz \u2022 Roman Redzimski \u2022 Lars Reiffers \u2022&nbsp;Elizabeth Weckes<\/strong><br><br>11. September \u2013 10. Oktober 2021<br><strong>Vernissage: Samstag, 11. September 2021, 18.30 Uhr<\/strong><br>Es erscheint ein umfangreicher Katalog<br><br>Einladung erhalten \u2192 zum <a href=\"https:\/\/rhein-bruecke.com\/?page_id=61\">Kontaktformular<\/a><br><br>\u2022&nbsp;<a rel=\"noreferrer noopener\" href=\"https:\/\/ReNatur.art\" target=\"_blank\">https:\/\/ReNatur.art<\/a><\/p>\n\n\n\n<p class=\"has-background has-normal-font-size\" style=\"background-color:#f4f4f4\"><strong>ReNatur \u2022 Kunst im Anthropoz\u00e4n<\/strong><br>cubus kunsthalle<br>Duisburg<br><br>K\u00fcnstlergruppe RheinBr\u00fccke und andere: <br><strong>Hugo Boguslawski \u2022 Matthias Brock \u2022 Werner Constroffer \u2022 Joachim Ickrath \u2022 Min Clara Kim \u2022 Andr\u00e9 Mail\u00e4nder \u2022 J\u00f6rg Mathias Munz \u2022 Roman Redzimski \u2022 Lars Reiffers \u2022&nbsp;Elizabeth Weckes<\/strong><br><br>18. Juli \u2013 5. September 2021<br><strong>Vernissage: Samstag, 31. Juli 2021<\/strong><br>Es erscheint ein umfangreicher Katalog<br><strong><span class=\"has-inline-color has-button-hover-text-color-color\"><\/span><\/strong><br>Einladung erhalten \u2192 zum <a href=\"https:\/\/rhein-bruecke.com\/?page_id=61\">Kontaktformular<\/a><br><br>\u2022&nbsp;<a rel=\"noreferrer noopener\" href=\"https:\/\/ReNatur.art\" target=\"_blank\">https:\/\/ReNatur.art<\/a><\/p>\n\n\n\n<p class=\"has-background has-normal-font-size\" style=\"background-color:#f4f4f4\"><strong>&#8222;K\u00fcnstlergruppe RheinBr\u00fccke&#8220;<\/strong><br>Haus der Kunst Enniger<br>Ennigerloh<br>2019<\/p>\n\n\n\n<p class=\"has-background has-normal-font-size\" style=\"background-color:#f4f4f4\"><strong>&#8222;Camena: Rollout \u2013 K\u00fcnstlergruppe RheinBr\u00fccke&#8220;<\/strong><br>Galerie art e motion<br>Salzbergen<br>2019<\/p>\n\n\n\n<p class=\"has-background has-normal-font-size\" style=\"background-color:#f4f4f4\"><strong>&#8222;RheinBr\u00fccke&#8220;<\/strong><br>Galerie K\u00f6 meets Art<br>D\u00fcsseldorf<br>2017<\/p>\n\n\n\n<p class=\"has-background has-normal-font-size\" style=\"background-color:#f4f4f4\"><strong>&#8222;\u2026dahinter das Meer \u2013 acht westdeutsche Maler sehen Norddeutschland&#8220;<\/strong><br>Stiftung Burg Kniphausen, Wilhelmshaven<br>K\u00fcnstlergruppe RheinBr\u00fccke und andere<br>2016<\/p>\n\n\n\n<p class=\"has-background has-normal-font-size\" style=\"background-color:#f4f4f4\"><strong>&#8222;AVRIL CONTEMPORAIN&#8220;<\/strong><br>Espace des Blancs-Manteaux, Paris, Frankreich<br>K\u00fcnstlergruppe RheinBr\u00fccke und andere<br>2012<\/p>\n\n\n\n<p class=\"has-background has-normal-font-size\" style=\"background-color:#f4f4f4\"><strong>&#8222;RheinBr\u00fccke&#8220;<\/strong><br>Kunstverein zu Frechen<br>2010<\/p>\n\n\n\n<p class=\"has-background has-normal-font-size\" style=\"background-color:#f4f4f4\"><strong>&#8222;RheinBr\u00fccke \u2013 rhein gegenst\u00e4ndlich&#8220;<\/strong><br>cubus kunsthalle<br>Duisburg<br>2009<\/p>\n\n\n\n<p class=\"has-background has-normal-font-size\" style=\"background-color:#f4f4f4\"><strong>&#8222;Kunstsommer&#8220;<\/strong><br>Kunstverein Oberhausen<br>2009<\/p>\n\n\n\n<p class=\"has-background has-normal-font-size\" style=\"background-color:#f4f4f4\"><strong>K\u00fcnstlergruppe RheinBr\u00fccke<\/strong><br>Kunstverein Sulzbach<br>2009<\/p>\n\n\n\n<p class=\"has-background has-normal-font-size\" style=\"background-color:#f4f4f4\"><strong>Preview \u2022 Die K\u00fcnstlergruppe RheinBr\u00fccke<\/strong><br>cubus kunsthalle<br>Duisburg<br>2008<\/p>\n","protected":false},"excerpt":{"rendered":"<p>Fr\u00fchere Ausstellungen DIE TIEFE DES SICHTBARENK\u00fcnstlergruppe RheinBr\u00fcckeplus Special Guest: Hermann-Josef KuhnaGalerie Hovestadt | Nottuln 15. Juni \u2013 09. August 2025Vernissage: Sonntag, 15. Juni 2025, 12 UhrEinf\u00fchrung: Dr. Gabriele Hovestadt, NottulnFinissage: Freitag, 08. August 2025 | ab 18 Uhr Galerie HovestadtStockum &hellip;<\/p>\n<p class=\"read-more\"> <a class=\"more-link\" href=\"https:\/\/rhein-bruecke.com\/\"> <span class=\"screen-reader-text\">Aktuell<\/span> Weiterlesen &raquo;<\/a><\/p>\n","protected":false},"author":1,"featured_media":0,"parent":0,"menu_order":0,"comment_status":"closed","ping_status":"closed","template":"","meta":{"footnotes":""},"class_list":["post-50","page","type-page","status-publish","hentry"],"_links":{"self":[{"href":"https:\/\/rhein-bruecke.com\/index.php?rest_route=\/wp\/v2\/pages\/50","targetHints":{"allow":["GET"]}}],"collection":[{"href":"https:\/\/rhein-bruecke.com\/index.php?rest_route=\/wp\/v2\/pages"}],"about":[{"href":"https:\/\/rhein-bruecke.com\/index.php?rest_route=\/wp\/v2\/types\/page"}],"author":[{"embeddable":true,"href":"https:\/\/rhein-bruecke.com\/index.php?rest_route=\/wp\/v2\/users\/1"}],"replies":[{"embeddable":true,"href":"https:\/\/rhein-bruecke.com\/index.php?rest_route=%2Fwp%2Fv2%2Fcomments&post=50"}],"version-history":[{"count":52,"href":"https:\/\/rhein-bruecke.com\/index.php?rest_route=\/wp\/v2\/pages\/50\/revisions"}],"predecessor-version":[{"id":512,"href":"https:\/\/rhein-bruecke.com\/index.php?rest_route=\/wp\/v2\/pages\/50\/revisions\/512"}],"wp:attachment":[{"href":"https:\/\/rhein-bruecke.com\/index.php?rest_route=%2Fwp%2Fv2%2Fmedia&parent=50"}],"curies":[{"name":"wp","href":"https:\/\/api.w.org\/{rel}","templated":true}]}}