{"id":211,"date":"2020-03-18T11:24:24","date_gmt":"2020-03-18T11:24:24","guid":{"rendered":"https:\/\/web351.lenny.servertools24.de\/rbneu\/?page_id=211"},"modified":"2024-09-11T13:40:45","modified_gmt":"2024-09-11T13:40:45","slug":"impressum","status":"publish","type":"page","link":"https:\/\/rhein-bruecke.com\/?page_id=211","title":{"rendered":"Impressum"},"content":{"rendered":"\n<p class=\"has-button-hover-text-color-color has-text-color\"><strong>Impressum<\/strong><\/p>\n\n\n\n<p>\u00a9 Bilder: die K\u00fcnstler<br>\u00a9 Texte: die K\u00fcnstler und die Autoren<br>Verantwortlich f\u00fcr den Inhalt: die K\u00fcnstler<\/p>\n\n\n\n<p>Min Clara Kim &amp; Hugo Boguslawski<br>Atelier Stephanstra\u00dfe 10<br>40599 D\u00fcsseldorf<br>T. 0211 \/ 2406390<\/p>\n\n\n\n<p>Elizabeth Weckes &amp; Matthias Brock<br>Atelier K\u00f6lner Stra\u00dfe 180<br>50226 Frechen<br>T. 02234 \/ 271152<\/p>\n\n\n\n<p>USt-IdNr.:<br>Min Clara Kim: DE227042830 (Finanzamt D\u00fcsseldorf S\u00fcd)<br>Hugo Boguslawski: DE224768625 (Finanzamt D\u00fcsseldorf S\u00fcd)<br>USt-Nr.:<br>Elizabeth Weckes: 224\/5323\/1988 ( Finanzamt Br\u00fchl)<br>Matthias Brock: 223\/50371196 (Finanzamt K\u00f6ln West)<\/p>\n\n\n\n<p class=\"has-button-hover-text-color-color has-text-color\"><br><br><strong>Disclaimer<\/strong><\/p>\n\n\n\n<p class=\"has-small-font-size\"><strong>Haftung f\u00fcr Inhalte<\/strong><br><br>Als  Diensteanbieter sind wir gem\u00e4\u00df \u00a7 7 Abs.1 TMG f\u00fcr eigene Inhalte auf  diesen Seiten nach den allgemeinen Gesetzen verantwortlich. Nach \u00a7\u00a7 8  bis 10 TMG sind wir als Diensteanbieter jedoch nicht verpflichtet,  \u00fcbermittelte oder gespeicherte fremde Informationen zu \u00fcberwachen oder  nach Umst\u00e4nden zu forschen, die auf eine rechtswidrige T\u00e4tigkeit  hinweisen.<\/p>\n\n\n\n<p class=\"has-small-font-size\">Verpflichtungen zur Entfernung oder \nSperrung der Nutzung von Informationen nach den allgemeinen Gesetzen \nbleiben hiervon unber\u00fchrt. Eine diesbez\u00fcgliche Haftung ist jedoch erst \nab dem Zeitpunkt der Kenntnis einer konkreten Rechtsverletzung m\u00f6glich. \nBei Bekanntwerden von entsprechenden Rechtsverletzungen werden wir diese\n Inhalte umgehend entfernen.<\/p>\n\n\n\n<p class=\"has-small-font-size\"><strong>Haftung f\u00fcr Links<\/strong><\/p>\n\n\n\n<p class=\"has-small-font-size\">Unser\n Angebot enth\u00e4lt Links zu externen Websites Dritter, auf deren Inhalte \nwir keinen Einfluss haben. Deshalb k\u00f6nnen wir f\u00fcr diese fremden Inhalte \nauch keine Gew\u00e4hr \u00fcbernehmen. F\u00fcr die Inhalte der verlinkten Seiten ist \nstets der jeweilige Anbieter oder Betreiber der Seiten verantwortlich. \nDie verlinkten Seiten wurden zum Zeitpunkt der Verlinkung auf m\u00f6gliche \nRechtsverst\u00f6\u00dfe \u00fcberpr\u00fcft. Rechtswidrige Inhalte waren zum Zeitpunkt der \nVerlinkung nicht erkennbar.<\/p>\n\n\n\n<p class=\"has-small-font-size\">Eine permanente \ninhaltliche Kontrolle der verlinkten Seiten ist jedoch ohne konkrete \nAnhaltspunkte einer Rechtsverletzung nicht zumutbar. Bei Bekanntwerden \nvon Rechtsverletzungen werden wir derartige Links umgehend entfernen.<\/p>\n\n\n\n<p class=\"has-small-font-size\"><strong>Urheberrecht<\/strong><\/p>\n\n\n\n<p class=\"has-small-font-size\">Die\n durch die Seitenbetreiber erstellten Inhalte und Werke auf diesen \nSeiten unterliegen dem deutschen Urheberrecht. Die Vervielf\u00e4ltigung, \nBearbeitung, Verbreitung und jede Art der Verwertung au\u00dferhalb der \nGrenzen des Urheberrechtes bed\u00fcrfen der schriftlichen Zustimmung des \njeweiligen Autors bzw. Erstellers. Downloads und Kopien dieser Seite \nsind nur f\u00fcr den privaten, nicht kommerziellen Gebrauch gestattet.<\/p>\n\n\n\n<p class=\"has-small-font-size\">Soweit  die Inhalte auf dieser Seite nicht vom Betreiber erstellt wurden,  werden die Urheberrechte Dritter beachtet. Insbesondere werden Inhalte  Dritter als solche gekennzeichnet. Sollten Sie trotzdem auf eine  Urheberrechtsverletzung aufmerksam werden, bitten wir um einen  entsprechenden Hinweis. Bei Bekanntwerden von Rechtsverletzungen werden  wir derartige Inhalte umgehend entfernen.<\/p>\n\n\n\n<p><\/p>\n\n\n\n<p class=\"has-button-hover-text-color-color has-text-color\"><strong>Datenschutzerkl\u00e4rung<\/strong><\/p>\n\n\n\n<p class=\"has-small-font-size\">In dieser Datenschutzerkl\u00e4rung informieren wir Sie \u00fcber die Verarbeitung personenbezogener Daten bei der Nutzung dieser Website.<\/p>\n\n\n\n<p class=\"has-small-font-size\"><strong>Verantwortlicher<\/strong><\/p>\n\n\n\n<p class=\"has-small-font-size\">Verantwortlich f\u00fcr die Datenverarbeitung ist<br><em>Hugo Boguslawski, Stephanstra\u00dfe 10, 40599 D\u00fcsseldorf<\/em><br><em>Tel.: 0211 2406390 <\/em><br><em>Mail-Adresse: atelier[at]hugo-boguslawski.com<\/em><\/p>\n\n\n\n<p class=\"has-small-font-size\"><strong>Personenbezogene Daten<\/strong><\/p>\n\n\n\n<p class=\"has-small-font-size\">Personenbezogene Daten sind alle Informationen, die sich auf eine identifizierte oder identifizierbare nat\u00fcrliche Person (im Folgenden &#8222;betroffene Person&#8220;) beziehen. Als identifizierbar wird eine nat\u00fcrliche Person angesehen, die direkt oder indirekt, insbesondere mittels Zuordnung zu einer Kennung wie einem Namen, zu einer Kennnummer, zu Standortdaten, zu einer Online-Kennung oder zu einem oder mehreren besonderen Merkmalen identifiziert werden kann, die Ausdruck der physischen, physiologischen, genetischen, psychischen, wirtschaftlichen, kulturellen oder sozialen Identit\u00e4t dieser nat\u00fcrlichen Person sind.<\/p>\n\n\n\n<p class=\"has-small-font-size\"><strong>Daten beim Websiteaufruf<\/strong><\/p>\n\n\n\n<p class=\"has-small-font-size\">Wenn Sie diese Website nur nutzen, um sich zu informieren und keine Daten angeben, dann verarbeiten wir nur die Daten, die zur Anzeige der Website auf dem von Ihnen verwendeten internetf\u00e4higen Ger\u00e4t erforderlich sind. Das sind insbesondere:<\/p>\n\n\n\n<p class=\"has-small-font-size\">IP-Adresse<\/p>\n\n\n\n<p class=\"has-small-font-size\">Datum und Uhrzeit der Anfrage<\/p>\n\n\n\n<p class=\"has-small-font-size\">jeweils \u00fcbertragene Datenmenge<\/p>\n\n\n\n<p class=\"has-small-font-size\">die Website, von der die Anforderung kommt<\/p>\n\n\n\n<p class=\"has-small-font-size\">Browsertyp und Browserversion<\/p>\n\n\n\n<p class=\"has-small-font-size\">Betriebssystem<\/p>\n\n\n\n<p class=\"has-small-font-size\">Rechtsgrundlage f\u00fcr die Verarbeitung dieser Daten sind berechtigte Interessen gem\u00e4\u00df Art. 6 Abs. 1 UAbs. 1 Buchstabe f) DSGVO, um die Darstellung der Website grunds\u00e4tzlich zu erm\u00f6glichen.<\/p>\n\n\n\n<p class=\"has-small-font-size\">Dar\u00fcber hinaus k\u00f6nnen Sie verschiedene Leistungen auf der Website nutzen, bei der weitere personenbezogene und nicht personenbezogene Daten verarbeitet werden.<\/p>\n\n\n\n<p class=\"has-small-font-size\"><strong>Ihre Rechte<\/strong><\/p>\n\n\n\n<p class=\"has-small-font-size\">Als betroffene Person haben Sie folgende Rechte:<\/p>\n\n\n\n<p class=\"has-small-font-size\">Sie haben ein Auskunftsrecht bez\u00fcglich der Sie betreffenden personenbezogenen Daten, die der Verantwortliche verarbeitet (Art. 15 DSGVO),<\/p>\n\n\n\n<p class=\"has-small-font-size\">Sie haben das Recht auf Berichtigung der Sie betreffenden Daten, wenn diese unrichtig oder unvollst\u00e4ndig gespeichert werden (Art. 16 DSGVO),<\/p>\n\n\n\n<p class=\"has-small-font-size\">Sie haben das Recht auf L\u00f6schung (Art. 17 DSGVO),<\/p>\n\n\n\n<p class=\"has-small-font-size\">Sie haben das Recht, die Einschr\u00e4nkung der Verarbeitung Ihrer personenbezogenen Daten zu verlangen (Art. 18 DSGVO),<\/p>\n\n\n\n<p class=\"has-small-font-size\">Sie haben das Recht auf Daten\u00fcbertragbarkeit (Art. 20 DSGVO),<\/p>\n\n\n\n<p class=\"has-small-font-size\">Sie haben ein Widerspruchsrecht gegen die Verarbeitung Sie betreffender personenbezogener Daten (Art. 21 DSGVO),<\/p>\n\n\n\n<p class=\"has-small-font-size\">Sie haben das Recht nicht einer ausschlie\u00dflich auf einer automatisierten Verarbeitung \u2013 einschlie\u00dflich Profiling \u2013 beruhenden Entscheidung unterworfen zu werden, die Ihnen gegen\u00fcber rechtliche Wirkung entfaltet oder sie in \u00e4hnlicher Weise erheblich beeintr\u00e4chtigt (Art. 22 DSGVO),<\/p>\n\n\n\n<p class=\"has-small-font-size\">Sie haben das Recht, sich bei einem vermuteten Versto\u00df gegen das Datenschutzrecht bei der zust\u00e4ndigen Aufsichtsbeh\u00f6rde zu beschweren (Art. 77 DSGVO). Zust\u00e4ndig ist die Aufsichtsbeh\u00f6rde an Ihrem \u00fcblichen Aufenthaltsort, Arbeitsplatz oder am Ort des vermuteten Versto\u00dfes.<\/p>\n\n\n\n<p class=\"has-small-font-size\"><strong>Einsatz von Cookies&nbsp;<\/strong><\/p>\n\n\n\n<p class=\"has-small-font-size\">Beim Besuch der Website k\u00f6nnen Cookies auf Ihrem Ger\u00e4t gespeichert werden. Cookies sind kleine Textdateien, die von dem von Ihnen verwendeten Browser gespeichert werden. Cookies k\u00f6nnen keine Programme ausf\u00fchren und auch keine Viren auf Ihr Ger\u00e4t \u00fcbertragen. Die Stelle, die den Cookie setzt, kann dar\u00fcber jedoch bestimmte Informationen erhalten. Cookies dienen dazu, das Internetangebot benutzerfreundlicher zu machen. Mithilfe von Cookies kann beispielsweise das Ger\u00e4t, mit dem diese Website aufgerufen wurde, bei einem erneuten Aufruf erkannt werden.<\/p>\n\n\n\n<p class=\"has-small-font-size\">Durch die Browsereinstellungen l\u00e4sst sich das Setzen von Cookies einschr\u00e4nken oder verhindern. So kann z. B. nur die Annahme von Cookies, die von Drittanbietern stammen, blockiert werden oder aber auch die Annahme von allen Cookies. Durch das Blockieren sind jedoch m\u00f6glicherweise nicht mehr alle Funktionen dieser Website nutzbar. Im weiteren Text dieser Datenschutzerkl\u00e4rung informieren wir Sie konkret, an welchen Stellen und zu welchen Zwecken Cookies auf den Seiten zum Einsatz kommen.<\/p>\n\n\n\n<p class=\"has-small-font-size\">Quelle: <a href=\"https:\/\/www.anwalt.de\/vorlage\/muster-datenschutzerklaerung.php\">Muster-Datenschutzerkl\u00e4rung von anwalt.de<\/a><\/p>\n","protected":false},"excerpt":{"rendered":"<p>Impressum \u00a9 Bilder: die K\u00fcnstler\u00a9 Texte: die K\u00fcnstler und die AutorenVerantwortlich f\u00fcr den Inhalt: die K\u00fcnstler Min Clara Kim &amp; Hugo BoguslawskiAtelier Stephanstra\u00dfe 1040599 D\u00fcsseldorfT. 0211 \/ 2406390 Elizabeth Weckes &amp; Matthias BrockAtelier K\u00f6lner Stra\u00dfe 18050226 FrechenT. 02234 \/ 271152 &hellip;<\/p>\n<p class=\"read-more\"> <a class=\"more-link\" href=\"https:\/\/rhein-bruecke.com\/?page_id=211\"> <span class=\"screen-reader-text\">Impressum<\/span> Weiterlesen &raquo;<\/a><\/p>\n","protected":false},"author":1,"featured_media":0,"parent":0,"menu_order":0,"comment_status":"closed","ping_status":"closed","template":"","meta":{"footnotes":""},"class_list":["post-211","page","type-page","status-publish","hentry"],"_links":{"self":[{"href":"https:\/\/rhein-bruecke.com\/index.php?rest_route=\/wp\/v2\/pages\/211","targetHints":{"allow":["GET"]}}],"collection":[{"href":"https:\/\/rhein-bruecke.com\/index.php?rest_route=\/wp\/v2\/pages"}],"about":[{"href":"https:\/\/rhein-bruecke.com\/index.php?rest_route=\/wp\/v2\/types\/page"}],"author":[{"embeddable":true,"href":"https:\/\/rhein-bruecke.com\/index.php?rest_route=\/wp\/v2\/users\/1"}],"replies":[{"embeddable":true,"href":"https:\/\/rhein-bruecke.com\/index.php?rest_route=%2Fwp%2Fv2%2Fcomments&post=211"}],"version-history":[{"count":12,"href":"https:\/\/rhein-bruecke.com\/index.php?rest_route=\/wp\/v2\/pages\/211\/revisions"}],"predecessor-version":[{"id":450,"href":"https:\/\/rhein-bruecke.com\/index.php?rest_route=\/wp\/v2\/pages\/211\/revisions\/450"}],"wp:attachment":[{"href":"https:\/\/rhein-bruecke.com\/index.php?rest_route=%2Fwp%2Fv2%2Fmedia&parent=211"}],"curies":[{"name":"wp","href":"https:\/\/api.w.org\/{rel}","templated":true}]}}