{"id":17,"date":"2020-03-05T15:05:17","date_gmt":"2020-03-05T15:05:17","guid":{"rendered":"https:\/\/web351.lenny.servertools24.de\/rbneu\/?page_id=17"},"modified":"2020-06-26T16:19:11","modified_gmt":"2020-06-26T16:19:11","slug":"elizabeth-weckes","status":"publish","type":"page","link":"https:\/\/rhein-bruecke.com\/?page_id=17","title":{"rendered":"Elizabeth Weckes"},"content":{"rendered":"\n<p style=\"font-size:20px\" class=\"has-text-color has-button-hover-text-color-color\">Elizabeth Weckes<\/p>\n\n\n\n<div class=\"wp-block-responsive-lightbox-gallery\"><div class=\"rl-gallery-container rl-loading\" id=\"rl-gallery-container-1\" data-gallery_id=\"298\"> <div class=\"rl-gallery rl-basicmasonry-gallery \" id=\"rl-gallery-1\" data-gallery_no=\"1\"> <div class=\"rl-gutter-sizer\"><\/div><div class=\"rl-grid-sizer\"><\/div> <div class=\"rl-gallery-item rl-gallery-item-width-4\" > <div class=\"rl-gallery-item-content\"> <a href=\"https:\/\/rhein-bruecke.com\/wp-content\/uploads\/2020\/03\/Visite-de\u0301te\u0301-2019-100-x-120-cm-O\u0308l-auf-Leinwand-.jpg\" title=\"Visite d&#039;e\u0301te\u0301 \uff65 2019 \uff65 100 x 120 cm \uff65 O\u0308l auf Leinwand\" data-rl_title=\"Visite d&#039;e\u0301te\u0301 \uff65 2019 \uff65 100 x 120 cm \uff65 O\u0308l auf Leinwand\" class=\"rl-gallery-link\" data-rl_caption=\"Visite d&#039;e\u0301te\u0301 \uff65 2019 \uff65 100 x 120 cm \uff65 O\u0308l auf Leinwand\" data-rel=\"lightbox-gallery-1\"><img loading=\"lazy\" decoding=\"async\" src=\"https:\/\/rhein-bruecke.com\/wp-content\/uploads\/2020\/03\/Visite-de\u0301te\u0301-2019-100-x-120-cm-O\u0308l-auf-Leinwand-.jpg\" width=\"1000\" height=\"838\" alt=\"\" \/><\/a> <\/div> <\/div> <div class=\"rl-gallery-item\" > <div class=\"rl-gallery-item-content\"> <a href=\"https:\/\/rhein-bruecke.com\/wp-content\/uploads\/2020\/03\/Paradiesvo\u0308gel-2019-100-x-120-cm.jpg\" title=\"Paradiesv\u00f6gel \uff65 2019 \uff65 100 x 120 cm \uff65 O\u0308l auf Leinwand\" data-rl_title=\"Paradiesv\u00f6gel \uff65 2019 \uff65 100 x 120 cm \uff65 O\u0308l auf Leinwand\" class=\"rl-gallery-link\" data-rl_caption=\"Paradiesv\u00f6gel \uff65 2019 \uff65 100 x 120 cm \uff65 O\u0308l auf Leinwand\" data-rel=\"lightbox-gallery-1\"><img loading=\"lazy\" decoding=\"async\" src=\"https:\/\/rhein-bruecke.com\/wp-content\/uploads\/2020\/03\/Paradiesvo\u0308gel-2019-100-x-120-cm.jpg\" width=\"1000\" height=\"826\" alt=\"\" \/><\/a> <\/div> <\/div> <div class=\"rl-gallery-item\" > <div class=\"rl-gallery-item-content\"> <a href=\"https:\/\/rhein-bruecke.com\/wp-content\/uploads\/2020\/03\/Jardin-des-Plantes-Paris-2018-100-x-120-cm.jpg\" title=\"Jardin des Plantes, Paris \uff65 2018 \uff65 100 x 120 cm \uff65 O\u0308l auf Leinwand\" data-rl_title=\"Jardin des Plantes, Paris \uff65 2018 \uff65 100 x 120 cm \uff65 O\u0308l auf Leinwand\" class=\"rl-gallery-link\" data-rl_caption=\"Jardin des Plantes, Paris \uff65 2018 \uff65 100 x 120 cm \uff65 O\u0308l auf Leinwand\" data-rel=\"lightbox-gallery-1\"><img loading=\"lazy\" decoding=\"async\" src=\"https:\/\/rhein-bruecke.com\/wp-content\/uploads\/2020\/03\/Jardin-des-Plantes-Paris-2018-100-x-120-cm.jpg\" width=\"1000\" height=\"830\" alt=\"\" \/><\/a> <\/div> <\/div> <div class=\"rl-gallery-item\" > <div class=\"rl-gallery-item-content\"> <a href=\"https:\/\/rhein-bruecke.com\/wp-content\/uploads\/2020\/03\/Grosses-Kabinettstueck-2019-180-x-150cm-.jpg\" title=\"Gro\u00dfes Kabinettst\u00fcck \uff65 2019 \uff65 180 x 150 cm \uff65 O\u0308l auf Leinwand\" data-rl_title=\"Gro\u00dfes Kabinettst\u00fcck \uff65 2019 \uff65 180 x 150 cm \uff65 O\u0308l auf Leinwand\" class=\"rl-gallery-link\" data-rl_caption=\"Gro\u00dfes Kabinettst\u00fcck \uff65 2019 \uff65 180 x 150 cm \uff65 O\u0308l auf Leinwand\" data-rel=\"lightbox-gallery-1\"><img loading=\"lazy\" decoding=\"async\" src=\"https:\/\/rhein-bruecke.com\/wp-content\/uploads\/2020\/03\/Grosses-Kabinettstueck-2019-180-x-150cm-.jpg\" width=\"830\" height=\"1000\" alt=\"\" \/><\/a> <\/div> <\/div> <div class=\"rl-gallery-item\" > <div class=\"rl-gallery-item-content\"> <a href=\"https:\/\/rhein-bruecke.com\/wp-content\/uploads\/2020\/03\/Zeus-2019-80-x-60-cm-.jpg\" title=\"Zeus \uff65 2019 \uff65 80 x 60 cm \uff65 \u00d6l auf Leinwand\" data-rl_title=\"Zeus \uff65 2019 \uff65 80 x 60 cm \uff65 \u00d6l auf Leinwand\" class=\"rl-gallery-link\" data-rl_caption=\"Zeus \uff65 2019 \uff65 80 x 60 cm \uff65 \u00d6l auf Leinwand\" data-rel=\"lightbox-gallery-1\"><img loading=\"lazy\" decoding=\"async\" src=\"https:\/\/rhein-bruecke.com\/wp-content\/uploads\/2020\/03\/Zeus-2019-80-x-60-cm-.jpg\" width=\"845\" height=\"1000\" alt=\"\" \/><\/a> <\/div> <\/div> <div class=\"rl-gallery-item\" > <div class=\"rl-gallery-item-content\"> <a href=\"https:\/\/rhein-bruecke.com\/wp-content\/uploads\/2020\/03\/Vogelpredigt-2019-80-x-70-cm-.jpg\" title=\"Vogelpredigt \uff65 2019 \uff65 80 x 60 cm \uff65 \u00d6l auf Leinwand\" data-rl_title=\"Vogelpredigt \uff65 2019 \uff65 80 x 60 cm \uff65 \u00d6l auf Leinwand\" class=\"rl-gallery-link\" data-rl_caption=\"Vogelpredigt \uff65 2019 \uff65 80 x 60 cm \uff65 \u00d6l auf Leinwand\" data-rel=\"lightbox-gallery-1\"><img loading=\"lazy\" decoding=\"async\" src=\"https:\/\/rhein-bruecke.com\/wp-content\/uploads\/2020\/03\/Vogelpredigt-2019-80-x-70-cm-.jpg\" width=\"878\" height=\"1000\" alt=\"\" \/><\/a> <\/div> <\/div> <div class=\"rl-gallery-item\" > <div class=\"rl-gallery-item-content\"> <a href=\"https:\/\/rhein-bruecke.com\/wp-content\/uploads\/2020\/03\/Leben-in-Rot-Rehearsal-140-x-200-cm2019-.jpg\" title=\"Leben in Rot, Rehersal \uff65 2019 \uff65 140 x 200 cm \uff65 \u00d6l auf Leinwand\" data-rl_title=\"Leben in Rot, Rehersal \uff65 2019 \uff65 140 x 200 cm \uff65 \u00d6l auf Leinwand\" class=\"rl-gallery-link\" data-rl_caption=\"Leben in Rot, Rehersal \uff65 2019 \uff65 140 x 200 cm \uff65 \u00d6l auf Leinwand\" data-rel=\"lightbox-gallery-1\"><img loading=\"lazy\" decoding=\"async\" src=\"https:\/\/rhein-bruecke.com\/wp-content\/uploads\/2020\/03\/Leben-in-Rot-Rehearsal-140-x-200-cm2019-.jpg\" width=\"1000\" height=\"741\" alt=\"\" \/><\/a> <\/div> <\/div> <div class=\"rl-gallery-item\" > <div class=\"rl-gallery-item-content\"> <a href=\"https:\/\/rhein-bruecke.com\/wp-content\/uploads\/2020\/03\/Akropolis2017-18-120-x-290cm-.jpg\" title=\"Akropolis \uff65 2017-18 \uff65 120 x 290 cm \uff65 \u00d6l auf Leinwand\" data-rl_title=\"Akropolis \uff65 2017-18 \uff65 120 x 290 cm \uff65 \u00d6l auf Leinwand\" class=\"rl-gallery-link\" data-rl_caption=\"Akropolis \uff65 2017-18 \uff65 120 x 290 cm \uff65 \u00d6l auf Leinwand\" data-rel=\"lightbox-gallery-1\"><img loading=\"lazy\" decoding=\"async\" src=\"https:\/\/rhein-bruecke.com\/wp-content\/uploads\/2020\/03\/Akropolis2017-18-120-x-290cm-.jpg\" width=\"1000\" height=\"405\" alt=\"\" \/><\/a> <\/div> <\/div> <div class=\"rl-gallery-item\" > <div class=\"rl-gallery-item-content\"> <a href=\"https:\/\/rhein-bruecke.com\/wp-content\/uploads\/2020\/03\/Skygarden-Glyzinien-Willich-2019-120-x-80-cm-.jpg\" title=\"Skygarden, Gryzinien Willich \uff65 2019 \uff65 120 x 80 cm \uff65 \u00d6l auf Leinwand\" data-rl_title=\"Skygarden, Gryzinien Willich \uff65 2019 \uff65 120 x 80 cm \uff65 \u00d6l auf Leinwand\" class=\"rl-gallery-link\" data-rl_caption=\"Skygarden, Gryzinien Willich \uff65 2019 \uff65 120 x 80 cm \uff65 \u00d6l auf Leinwand\" data-rel=\"lightbox-gallery-1\"><img loading=\"lazy\" decoding=\"async\" src=\"https:\/\/rhein-bruecke.com\/wp-content\/uploads\/2020\/03\/Skygarden-Glyzinien-Willich-2019-120-x-80-cm-.jpg\" width=\"663\" height=\"1000\" alt=\"\" \/><\/a> <\/div> <\/div> <\/div> <\/div><\/div>\n\n\n\n<p><strong>Webseite<\/strong>: <a href=\"http:\/\/www.elizabeth-weckes.de\/\" target=\"_blank\" rel=\"noreferrer noopener\" aria-label=\"elizabeth-weckes.de (\u00f6ffnet in neuem Tab)\">elizabeth-weckes.de<\/a><\/p>\n\n\n\n<p class=\"has-text-color has-button-hover-text-color-color\"><strong>Biografie<\/strong><\/p>\n\n\n\n<p>1968<br>geboren in Willich<br><br>1988-1995<br>Studium der Malerei an der Kunstakademie M\u00fcnster bei Prof. Hermann-Josef Kuhna<br><br>1992<br>Meistersch\u00fclerin<br><br>1995<br>Akademiebrief und Staatsexamen<br><br>1996     <br>Gastatelier an der University of New Mexico, Albuquerque \/ USA<br><br>1997  <br>Mitglied der D\u00fcsseldorfer K\u00fcnstler<br><br>2000<br>Mitglied der Darmst\u00e4dter Sezession<br><br>2004  Gastdozent des College of New South Wales (COFA), Sydney und University of Tasmania  Hobart und Launceston, Australien <br><br>2005\/6 <br>Zimmergestaltung in der Artfabrik Wuppertal<br><br>2006<br>RheinBr\u00fccke: Gruppe f\u00fcr gegenst\u00e4ndliche Malerei<br><br>lebt in K\u00f6ln<br><br><\/p>\n\n\n\n<p class=\"has-text-color has-button-hover-text-color-color\"><strong>Preise und Stipendien<\/strong><\/p>\n\n\n\n<p>1993<br>Max-Ernst-Stipendium der Stadt Br\u00fchl<br>Kulturf\u00f6rderpreis der Stadt Willich<br> &nbsp;<br>1997<br>F\u00f6rderpreis der Gro\u00dfen Kunstausstellung, NRW D\u00fcsseldorf<br> &nbsp;<br>2000 u. 2003<br>Atelierstipendium Cit\u00e9 des Arts, Paris (Atelier Max Ernst)<\/p>\n\n\n\n<p>2009<br>Reisestipendium Tasmanian Arts and LARQ Arbeitsstipendium Queenstown, Tasmanien <br> &nbsp;<br>2012<br>Arbeitsstipendium IMOS Foundation New Romney, Kent, England<br> &nbsp;<br>2015<br>Arbeitsstipendium Plein-Air, Stiftung Burg Kniphausen, Wilhelmshaven<br> &nbsp;<br>2017<br>F\u00f6rderpreis der Woldemar-Winkler-Stiftung der Sparkasse G\u00fctersloh<br> &nbsp;<br>2018<br>Atelierstipendium Cit\u00e9 des Arts, Paris (Atelier Max Beckmann)<br><br><\/p>\n\n\n\n<p class=\"has-text-color has-button-hover-text-color-color\"><strong>Einzelausstellungen (Auswahl)<\/strong><\/p>\n\n\n\n<p>1991<br>Galerie Scharrelmann, D\u00fclmen<br> \u00a0<br>1993<br>Galerie Pim de Rudder, Assenede \/Belgien <br> \u00a0<br>1995<br>Galerie Niepel, D\u00fcsseldorf: B\u00fchne der Natur<br>Kunstverein D\u00fclmen: Fr\u00fchlingsgef\u00fchle<br>Tempor\u00e4re Galerie der Stadt Willich, Schlo\u00df Neersen<br> \u00a0<br>1996<br>Art Annex Gallery, University of New Mexico, Albuquerque \/ USA<br> \u00a0<br>1997<br>Flughafen Paderborn-Lippstadt: Flying-Colours<br>Schwingeler Hof, Stadt Wesseling: Blooming Desert<br> \u00a0<br>1998<br>Galerie Niepel, D\u00fcsseldorf: Der geheime Garten (Katalog)<br>Versandhalle Grevenbroich: Zwei K\u00f6nigskinder <br>Galerie H\u00fcter, Willich: Spekulative Botanik<br>Galerie Werkstatt, Gelsenkirchen: Paradise Won <br> \u00a0<br>1999<br>Institut f\u00fcr Lippische Landeskunde, Schieder-Schwalenberg<br> \u00a0<br>2000<br>Rathausgalerie Langenfeld: Der Duft der Freiheit<br>Galerie Toennissen, K\u00f6ln<br>Jasim Gallery, D\u00fcsseldorf<br>Galerie Axpoele Ruiselede \/ Belgien<br> \u00a0<br>2001<br>Linklaters Oppenhoff und R\u00e4dler, K\u00f6ln<br>Galerie Charlotte, Wissen<br> \u00a0<br>2002<br>Galerie Niepel, D\u00fcsseldorf: Golden Slumbers<br>Kunstverein Unna: Room with a View (Katalog)<br>Galerie Toennissen, K\u00f6ln: Tulpomania<br> \u00a0<br>2003<br>Kulturspeicher Oldenburg: H\u00f6llenhunde<br>&#8222;Das Wort&#8220; Zum Jahr der Bibel St. Hildebold Frechen (Katalog) <br> \u00a0<br>2004<br>Kurf\u00fcrstliches G\u00e4rtnerhaus, Bonn: Garten der Gel\u00fcste<br>Kulturzentrum, Bad Langensalza: I never promised you a Rosegarden<br>Stadt Grevenbroich : Champ de Mars <br> \u00a0<br>2005<br>Galerie Niepel bei Morawitz, D\u00fcsseldorf: Strange Fruit<br>Moorlands Art Gallery, Leek UK : Perspectives<br> \u00a0<br>2006<br>Poimena Gallery Launceston, Tasmania<br>Galerie 48, Saarbr\u00fccken<br>Kunstverein H\u00fcrth<br>Ursulinenhof, Linz, \u00d6sterreich: \u00c4pfel und Birnen <br>OFD, M\u00fcnster: songs for Skylla (Katalog)<br> \u00a0<br>2007<br>Galerie Forum am Wassertum, Meerbusch<br> \u00a0<br>2008<br>New Vic Theatre, Newcastle-Under-Lyme: Life on Canvas<br>Kunstverein Oberhausen: Floral Obsession<br> \u00a0<br>2009<br>Kunstverein Wesseling: Soft Touch<br>Kunstsaison Bad Bergzabern<br> \u00a0<br>2010<br>Kunstverein Uelzen: The Queen&#8217;s Beasts (Katalog)<br>LARQ Gallery, Queenstown, Tasmania: Timemachines (Katalog)<br>Stadthalle Galerie Haus Spiess, Erkelenz<br> \u00a0<br>2011<br>Kulturbahnhof Kreuztal<br>Haus f\u00fcr Kunst und Geschichte, Kerpen<br> \u00a0<br>2012<br>Kunstverein Schwetzingen (Katalog)<br> \u00a0<br>2013<br>Kunstverein Worms: Spring Explosion (mit M. Brock)<br>IMOS Foundation, New Romney, England: From an Island (Katalog)<br>Kreishausgalerie Bergheim: Visions of Paradise<br>Kunstf\u00f6rderverein Sch\u00f6ningen e.V.<br> \u00a0<br>2014<br>Stiftung Burg Kniphausen: Fr\u00fchlingsboten<br>Galerie Esch-Renner, K\u00f6ln<br> \u00a0<br>2015<br>Kunstverein Erlangen: Pioniere<br>St\u00e4dtische Theatergalerie Gummersbach<br>(Kunstkabinett Hespert), Kunstkabinett Hespert<br> \u00a0<br>2017<br>Thomas Morus Akademie Bensberg: Naturidyllen &#8211; ein anderes Gesicht<br>Galerie der Sparkasse G\u00fctersloh: Ausstellung zur Preisvergabe des F\u00f6rderpreises der Woldemar Winkler Stiftung mit Marlene J. Riesener (Katalog)<br> \u00a0<br>2018<br>Kunstverein Halle\/Saale: J\u00e4ger und Sammler<br>Cit\u00e9 Internationale des Arts Paris<br>Kunstverein Eisenturm Mainz: J\u00e4ger und Sammler (Katalog)<br> \u00a0<br>2019<br>Museum Kalkar: Skygardens<br>Galerie Kunstraub99, K\u00f6ln: Am helllichten Tag<br><\/p>\n\n\n\n<p><br><br><\/p>\n\n\n\n<p class=\"has-text-color has-button-hover-text-color-color\"><strong>Ausstellungsbeteiligungen (Auswahl)<\/strong><\/p>\n\n\n\n<p>1989<br>Galerie Klein, Edition Zufall, Bonn<br> \u00a0<br>1990<br>Galerie Leuchter und Peltzer, D\u00fcsseldorf: Das Wesen des Sch\u00f6nen<br> \u00a0<br>1991<br>Shiseido-Art-Space-Gallery, Tokio \/Japan (Katalog)<br> \u00a0<br>1993<br>Max-Ernst-Stipendium, Br\u00fchl<br> \u00a0<br>1994<br>Kulturhaus Dormagen<br>Museum am Ostwall , Dortmund: NRW-Spektakel<br>Kulturbahnhof Eller, D\u00fcsseldorf<br> \u00a0<br>1995<br>St\u00e4dtische Galerie Traun \/\u00d6sterreich (Katalog)<br>25 Jahre Max-Ernst-Stipendium, Br\u00fchl (Katalog)<br> \u00a0<br>1996<br>Salon de Printemps 96 des L.A.C.\/Luxembourg (Katalog)<br>Rathausgalerie, M\u00fcnster<br>Galerie Niepel, D\u00fcsseldorf<br>Gro\u00dfe Kunstausstellung NRW D\u00fcsseldorf (Katalog)<br>Kunsthalle Reccklinghausen: Absprung (Katalog)<br> \u00a0<br>1997<br>Stadtmuseum Beckum: Konzept: Malerei<br> \u00a0<br>1998<br>Moerser Kunstpreis, Arbeiten auf Papier (Katalog)<br> \u00a0<br>1999<br>Mathildenh\u00f6he, Darmst\u00e4dter Sezession: Tierische Welten (Katalog)<br> \u00a0<br>2000<br>Huntenkunst, Doetinchem\/ Niederlande<br> \u00a0<br>2001<br>Museum Ratingen: Kunst auf Rezept (Katalog)<br> \u00a0<br>2002<br>Sommerausstellung Freie K\u00fcnstler Meerbusch, Teloy M\u00fchle<br> \u00a0<br>2003<br>&#8222;Das Wort&#8220; Frechener K\u00fcnstler in Kirchen zum Jahr der Bibel (Katalog)<br>Wilhelm Fabry Museum: Kunst auf Rezept<br>\u00d6kumenisches Bildungszentrum, Bochum: Divan der Malerei <br> \u00a0<br>2004<br>Huntenkunst, Doetinchem\/ Niederlande<br>Museum Hlohovec, Slowakei: Mensch und Natur (Katalog) <br>Ivan Dougherty Gallery Sydney: COFA Fundraising Show<br>WGZ-Bank, D\u00fcsseldorf: Klasse (Katalog)<br> \u00a0<br>2005<br>Galerie H\u00fcter im Stahlwerk Becker, Willich: Art des Hauses<br>Abtei Brauweiler Kunsttage Kunstverein 99, Rheinbach: Kunst auf dem Campus <br> \u00a0<br>1995 &#8211; 2005<br>gro\u00dfe Kunstausstellung NRW, D\u00fcsseldorf<br> \u00a0<br>2007<br>Mathildenh\u00f6he Darmstadt <br> \u00a0<br>2008<br>Kunstverein Frechen, Grube Carl: Der laufende Hund<br>cubus-Kunsthalle, Duisburg: Preview RheinBr\u00fccke<br>SITT art Galerie, D\u00fcsseldorf: L&#8217;Esprit du Marais<br> \u00a0<br>2009<br>Kunstverein Sulzbach (mit der K\u00fcnstlergruppe RheinBr\u00fccke)<br>Kunstverein Oberhausen, &#8222;Kunstsommer 2009&#8220; (mit der K\u00fcnstlergruppe RheinBr\u00fccke)<br>cubus Kunsthalle, Duisburg (mit der K\u00fcnstlergruppe RheinBr\u00fccke)<br> \u00a0<br>2010<br>Kunstverein Frechen: RheinBr\u00fccke<br>Kunstverein Schwetzingen: Animal Art (Katalog)<br>Galerie Pia Esch-Renner, Frechen: Flowers<br>Galerie Netuschil, Darmstadt: Gardens<br> \u00a0<br>2012<br>ARTFAIR K\u00f6ln, Galerie Esch-Renner, Frechen<br>Espace des Blancs-Manteaux, Paris, Frankreich: Avril Contemporain (K\u00fcnstlergruppe RheinBr\u00fccke u.a.)<br> \u00a0<br>2013<br>Galerie 48, Finanzministerium Saarbr\u00fccken: Augenblick!<br> \u00a0<br>2014<br>ARTFAIR K\u00f6ln<br>Kunstpreis Malerei Galerie im Uhrturm, Dierdorf<br> \u00a0<br>2015<br>Die Farbe Blau, Galerie Esch-Renner, K\u00f6ln<br>ARTFAIR, K\u00f6ln<br>C.A.R., Contemporary Art Ruhr, Essen <br> \u00a0<br>2016<br>ARTFAIR K\u00f6ln<br>Plein Air: West sieht Nord, Stiftung Burg Kniphausen, Wilhelmshaven (Kat.)<br> \u00a0<br>2017<br>Galerie K\u00f6 meets Art: RheinBr\u00fccke, K\u00f6Galerie, D\u00fcsseldorf<br>Art3 Wintersalon f\u00fcr Moderne Kunst: Altes Pfandhaus, K\u00f6ln<br>Kunstverein Frechen, Jahresgaben<br> \u00a0<br>2018<br>Optimismus- Sumsimitpo: Bienensterben Gruppenausstellung im K\u00fcnstlerhaus Engelen, Stolberg<br>Jahreswinterausstellung im Kunsthaus Enniger<br>Jahresabschluss und Jahresbeginn Ausstellung: Kunstkabinett, Hespert<br> \u00a0<br>2019<br>Camena: &#8222;Rollout&#8220;, RheinBr\u00fccke, Salzbergen<br>Haus der Kunst Enniger, Ennigerloh: RheinBr\u00fccke<br>Darmst\u00e4dter Sezession Jubil\u00e4umsausstellung: Den Bogen Spannen<br>Kunstverein W\u00f6rth: Illusion und Realit\u00e4t<br>Stadtmuseum D\u00fcsseldorf: 175 Jahre Verein er D\u00fcsseldorfer K\u00fcnstler 1844 e.V. : zwischen Hungertuch und Kunstpalast<br>Produzentengalerie Plan d, D\u00fcsseldorf: Die W\u00e4nde schauen zur\u00fcck<br><\/p>\n\n\n\n<p>2021<br>&#8222;ReNatur: Evolution \u2013 Natur \u2013 Industrie&#8220;, cubus kunsthalle, Duisburg<br>&#8222;ReNatur: Evolution \u2013 Natur \u2013 Industrie&#8220;, K\u00fcnstlerzeche Unser Fritz, Herne<\/p>\n\n\n\n<p><br><\/p>\n\n\n\n<p class=\"has-text-color has-button-hover-text-color-color\"><strong>Bilder im \u00f6ffentlichen Raum<\/strong><\/p>\n\n\n\n<p>Stadt Willich; Stadt Br\u00fchl; Stadt Wesseling; Stadt Langenfeld; Stadt Traun; Flughafen Paderborn-Lippstadt; Kunstverein Unna; Kunstverein Frechen; Queen Victoria Museum Launceston, Tasmania; Ivan Dougherty Gallery, Sydney, Australia; WGZ-Bank, D\u00fcsseldorf; COFA Sydney, Australia; IMOS Foundation, New Romney, Kent, England; Stiftung Burg Kniphausen; Kunstverein Sch\u00f6ningen<\/p>\n\n\n\n<p class=\"has-text-align-right\"><a href=\"https:\/\/rhein-bruecke.com\/?page_id=17\">\u21e7  nach oben<\/a><\/p>\n","protected":false},"excerpt":{"rendered":"<p>Elizabeth Weckes Webseite: elizabeth-weckes.de Biografie 1968geboren in Willich 1988-1995Studium der Malerei an der Kunstakademie M\u00fcnster bei Prof. Hermann-Josef Kuhna 1992Meistersch\u00fclerin 1995Akademiebrief und Staatsexamen 1996 Gastatelier an der University of New Mexico, Albuquerque \/ USA 1997 Mitglied der D\u00fcsseldorfer K\u00fcnstler 2000Mitglied &hellip;<\/p>\n<p class=\"read-more\"> <a class=\"more-link\" href=\"https:\/\/rhein-bruecke.com\/?page_id=17\"> <span class=\"screen-reader-text\">Elizabeth Weckes<\/span> Weiterlesen &raquo;<\/a><\/p>\n","protected":false},"author":1,"featured_media":0,"parent":0,"menu_order":0,"comment_status":"closed","ping_status":"closed","template":"","meta":{"footnotes":""},"class_list":["post-17","page","type-page","status-publish","hentry"],"_links":{"self":[{"href":"https:\/\/rhein-bruecke.com\/index.php?rest_route=\/wp\/v2\/pages\/17","targetHints":{"allow":["GET"]}}],"collection":[{"href":"https:\/\/rhein-bruecke.com\/index.php?rest_route=\/wp\/v2\/pages"}],"about":[{"href":"https:\/\/rhein-bruecke.com\/index.php?rest_route=\/wp\/v2\/types\/page"}],"author":[{"embeddable":true,"href":"https:\/\/rhein-bruecke.com\/index.php?rest_route=\/wp\/v2\/users\/1"}],"replies":[{"embeddable":true,"href":"https:\/\/rhein-bruecke.com\/index.php?rest_route=%2Fwp%2Fv2%2Fcomments&post=17"}],"version-history":[{"count":8,"href":"https:\/\/rhein-bruecke.com\/index.php?rest_route=\/wp\/v2\/pages\/17\/revisions"}],"predecessor-version":[{"id":389,"href":"https:\/\/rhein-bruecke.com\/index.php?rest_route=\/wp\/v2\/pages\/17\/revisions\/389"}],"wp:attachment":[{"href":"https:\/\/rhein-bruecke.com\/index.php?rest_route=%2Fwp%2Fv2%2Fmedia&parent=17"}],"curies":[{"name":"wp","href":"https:\/\/api.w.org\/{rel}","templated":true}]}}