{"id":15,"date":"2020-03-05T15:05:17","date_gmt":"2020-03-05T15:05:17","guid":{"rendered":"https:\/\/web351.lenny.servertools24.de\/rbneu\/?page_id=15"},"modified":"2020-06-26T16:20:45","modified_gmt":"2020-06-26T16:20:45","slug":"min-clara-kim","status":"publish","type":"page","link":"https:\/\/rhein-bruecke.com\/?page_id=15","title":{"rendered":"Min Clara Kim"},"content":{"rendered":"\n<p style=\"font-size:20px\" class=\"has-text-color has-button-hover-text-color-color\">Min Clara Kim<\/p>\n\n\n\n<div class=\"wp-block-responsive-lightbox-gallery\"><div class=\"rl-gallery-container rl-loading\" id=\"rl-gallery-container-1\" data-gallery_id=\"310\"> <div class=\"rl-gallery rl-basicmasonry-gallery \" id=\"rl-gallery-1\" data-gallery_no=\"1\"> <div class=\"rl-gutter-sizer\"><\/div><div class=\"rl-grid-sizer\"><\/div> <div class=\"rl-gallery-item rl-gallery-item-width-4\" > <div class=\"rl-gallery-item-content\"> <a href=\"https:\/\/rhein-bruecke.com\/wp-content\/uploads\/2020\/03\/goodbye_2018_Ma\u00dfe-variabel.jpg\" title=\"goodbye \uff65 2018 \uff65 f\u00fcnfteilig (shaped canvas) \uff65 Ma\u00dfe variabel \uff65 \u00d6l auf Leinwand\" data-rl_title=\"goodbye \uff65 2018 \uff65 f\u00fcnfteilig (shaped canvas) \uff65 Ma\u00dfe variabel \uff65 \u00d6l auf Leinwand\" class=\"rl-gallery-link\" data-rl_caption=\"goodbye \uff65 2018 \uff65 f\u00fcnfteilig (shaped canvas) \uff65 Ma\u00dfe variabel \uff65 \u00d6l auf Leinwand\" data-rel=\"lightbox-gallery-1\"><img loading=\"lazy\" decoding=\"async\" src=\"https:\/\/rhein-bruecke.com\/wp-content\/uploads\/2020\/03\/goodbye_2018_Ma\u00dfe-variabel.jpg\" width=\"662\" height=\"1000\" alt=\"\" \/><\/a> <\/div> <\/div> <div class=\"rl-gallery-item\" > <div class=\"rl-gallery-item-content\"> <a href=\"https:\/\/rhein-bruecke.com\/wp-content\/uploads\/2020\/03\/Der_Fall_2018_Ma\u00dfe_variabel.jpg\" title=\"Der Fall \uff65 2019 \uff65 14-teilig (shaped canvas) \uff65 Ma\u00dfe variabel \uff65 \u00d6l auf Leinwand\" data-rl_title=\"Der Fall \uff65 2019 \uff65 14-teilig (shaped canvas) \uff65 Ma\u00dfe variabel \uff65 \u00d6l auf Leinwand\" class=\"rl-gallery-link\" data-rl_caption=\"Der Fall \uff65 2019 \uff65 14-teilig (shaped canvas) \uff65 Ma\u00dfe variabel \uff65 \u00d6l auf Leinwand\" data-rel=\"lightbox-gallery-1\"><img loading=\"lazy\" decoding=\"async\" src=\"https:\/\/rhein-bruecke.com\/wp-content\/uploads\/2020\/03\/Der_Fall_2018_Ma\u00dfe_variabel.jpg\" width=\"1000\" height=\"657\" alt=\"\" \/><\/a> <\/div> <\/div> <div class=\"rl-gallery-item\" > <div class=\"rl-gallery-item-content\"> <a href=\"https:\/\/rhein-bruecke.com\/wp-content\/uploads\/2020\/03\/Octopusdream_2018_120x100.jpg\" title=\"Octopus dream \uff65 2018 \uff65 120 x 100 cm \uff65 \u00d6l auf Leinwand\" data-rl_title=\"Octopus dream \uff65 2018 \uff65 120 x 100 cm \uff65 \u00d6l auf Leinwand\" class=\"rl-gallery-link\" data-rl_caption=\"Octopus dream \uff65 2018 \uff65 120 x 100 cm \uff65 \u00d6l auf Leinwand\" data-rel=\"lightbox-gallery-1\"><img loading=\"lazy\" decoding=\"async\" src=\"https:\/\/rhein-bruecke.com\/wp-content\/uploads\/2020\/03\/Octopusdream_2018_120x100.jpg\" width=\"833\" height=\"1000\" alt=\"\" \/><\/a> <\/div> <\/div> <div class=\"rl-gallery-item\" > <div class=\"rl-gallery-item-content\"> <a href=\"https:\/\/rhein-bruecke.com\/wp-content\/uploads\/2020\/03\/Miru.jpg\" title=\"Miru \uff65 2019 \uff65 124 x 74 cm (shaped canvas) \uff65 \u00d6l auf Leinwand\" data-rl_title=\"Miru \uff65 2019 \uff65 124 x 74 cm (shaped canvas) \uff65 \u00d6l auf Leinwand\" class=\"rl-gallery-link\" data-rl_caption=\"Miru \uff65 2019 \uff65 124 x 74 cm (shaped canvas) \uff65 \u00d6l auf Leinwand\" data-rel=\"lightbox-gallery-1\"><img loading=\"lazy\" decoding=\"async\" src=\"https:\/\/rhein-bruecke.com\/wp-content\/uploads\/2020\/03\/Miru.jpg\" width=\"671\" height=\"1000\" alt=\"\" \/><\/a> <\/div> <\/div> <div class=\"rl-gallery-item\" > <div class=\"rl-gallery-item-content\"> <a href=\"https:\/\/rhein-bruecke.com\/wp-content\/uploads\/2020\/03\/Harmonia_2014_200x135.jpg\" title=\"Harmonia \uff65 2014 \uff65 200 x 135 cm \uff65 \u00d6l auf Leinwand\" data-rl_title=\"Harmonia \uff65 2014 \uff65 200 x 135 cm \uff65 \u00d6l auf Leinwand\" class=\"rl-gallery-link\" data-rl_caption=\"Harmonia \uff65 2014 \uff65 200 x 135 cm \uff65 \u00d6l auf Leinwand\" data-rel=\"lightbox-gallery-1\"><img loading=\"lazy\" decoding=\"async\" src=\"https:\/\/rhein-bruecke.com\/wp-content\/uploads\/2020\/03\/Harmonia_2014_200x135.jpg\" width=\"675\" height=\"1000\" alt=\"\" \/><\/a> <\/div> <\/div> <div class=\"rl-gallery-item\" > <div class=\"rl-gallery-item-content\"> <a href=\"https:\/\/rhein-bruecke.com\/wp-content\/uploads\/2020\/03\/Penelope_2016_190x200.jpg\" title=\"Penelope \uff65 2016 \uff65 190 x 200 cm \uff65 \u00d6l auf Leinwand\" data-rl_title=\"Penelope \uff65 2016 \uff65 190 x 200 cm \uff65 \u00d6l auf Leinwand\" class=\"rl-gallery-link\" data-rl_caption=\"Penelope \uff65 2016 \uff65 190 x 200 cm \uff65 \u00d6l auf Leinwand\" data-rel=\"lightbox-gallery-1\"><img loading=\"lazy\" decoding=\"async\" src=\"https:\/\/rhein-bruecke.com\/wp-content\/uploads\/2020\/03\/Penelope_2016_190x200.jpg\" width=\"950\" height=\"1000\" alt=\"\" \/><\/a> <\/div> <\/div> <div class=\"rl-gallery-item\" > <div class=\"rl-gallery-item-content\"> <a href=\"https:\/\/rhein-bruecke.com\/wp-content\/uploads\/2020\/03\/Veil_Schleier.jpg\" title=\"Veil \uff65 2009 \uff65 110 x 85 cm \uff65 \u00d6l auf Leinwand\" data-rl_title=\"Veil \uff65 2009 \uff65 110 x 85 cm \uff65 \u00d6l auf Leinwand\" class=\"rl-gallery-link\" data-rl_caption=\"Veil \uff65 2009 \uff65 110 x 85 cm \uff65 \u00d6l auf Leinwand\" data-rel=\"lightbox-gallery-1\"><img loading=\"lazy\" decoding=\"async\" src=\"https:\/\/rhein-bruecke.com\/wp-content\/uploads\/2020\/03\/Veil_Schleier.jpg\" width=\"772\" height=\"1000\" alt=\"\" \/><\/a> <\/div> <\/div> <div class=\"rl-gallery-item\" > <div class=\"rl-gallery-item-content\"> <a href=\"https:\/\/rhein-bruecke.com\/wp-content\/uploads\/2020\/03\/Mary-Why_me_2015_200x190.jpg\" title=\"Mary \u2013 Why me? \uff65 2015 \uff65 190 x 200 cm \uff65 \u00d6l auf Leinwand\" data-rl_title=\"Mary \u2013 Why me? \uff65 2015 \uff65 190 x 200 cm \uff65 \u00d6l auf Leinwand\" class=\"rl-gallery-link\" data-rl_caption=\"Mary \u2013 Why me? \uff65 2015 \uff65 190 x 200 cm \uff65 \u00d6l auf Leinwand\" data-rel=\"lightbox-gallery-1\"><img loading=\"lazy\" decoding=\"async\" src=\"https:\/\/rhein-bruecke.com\/wp-content\/uploads\/2020\/03\/Mary-Why_me_2015_200x190.jpg\" width=\"950\" height=\"1000\" alt=\"\" \/><\/a> <\/div> <\/div> <div class=\"rl-gallery-item\" > <div class=\"rl-gallery-item-content\"> <a href=\"https:\/\/rhein-bruecke.com\/wp-content\/uploads\/2020\/03\/Windsbraut_2015_40x60_NEU.jpg\" title=\"Windsbraut \uff65 2015 \uff65 40 x 60 cm \uff65 \u00d6l auf Leinwand\" data-rl_title=\"Windsbraut \uff65 2015 \uff65 40 x 60 cm \uff65 \u00d6l auf Leinwand\" class=\"rl-gallery-link\" data-rl_caption=\"Windsbraut \uff65 2015 \uff65 40 x 60 cm \uff65 \u00d6l auf Leinwand\" data-rel=\"lightbox-gallery-1\"><img loading=\"lazy\" decoding=\"async\" src=\"https:\/\/rhein-bruecke.com\/wp-content\/uploads\/2020\/03\/Windsbraut_2015_40x60_NEU.jpg\" width=\"1000\" height=\"667\" alt=\"\" \/><\/a> <\/div> <\/div> <\/div> <\/div><\/div>\n\n\n\n<p><strong>Webseite<\/strong>: <a href=\"http:\/\/min-clara-kim.com\" target=\"_blank\" rel=\"noreferrer noopener\" aria-label=\" (\u00f6ffnet in neuem Tab)\">min-clara-kim.com<\/a><\/p>\n\n\n\n<p class=\"has-text-color has-button-hover-text-color-color\"><strong>Biografie<\/strong><\/p>\n\n\n\n<p>1966<br>geboren in Seoul, Korea<br><br>1985-1989<br>Kunststudium an der Hong-Ik Universit\u00e4t in Seoul<br><br>1994-2002<br>Studium an der Kunstakademie M\u00fcnster<br>bei Professor Hermann &#8211; Josef Kuhna<br><br>1998<br>Meistersch\u00fclerin<br><br>2002<br>Akademiebrief<br><br>lebt in D\u00fcsseldorf<br><br><\/p>\n\n\n\n<p class=\"has-text-color has-button-hover-text-color-color\"><strong>Preise und Stipendien<\/strong><\/p>\n\n\n\n<p>1999<br>Europastipendium Wien<br><br>2002<br>Kunstpreis der Deutschen Volksbanken und Raiffeisenbanken<br><br>2010<br>GEDOK Stipendium, L\u00fcbeck<br><br><\/p>\n\n\n\n<p class=\"has-text-color has-button-hover-text-color-color\"><strong>Einzelausstellungen<\/strong><\/p>\n\n\n\n<p>2000<br>Goethe-Institut Santiago de Chile (Katalog)<br><br>2001<br>Galerie Niepel bei Morawitz, D\u00fcsseldorf<br>Galerie Steinr\u00f6tter, M\u00fcnster<br><br>2002<br>Galerie AO, Emsdetten<br>Galerie Steinr\u00f6tter, OFD, M\u00fcnster (Katalog)<br><br>2003<br>Galerie Niepel bei Morawitz, D\u00fcsseldorf<br>Galerie Schwind, Frankfurt am Main<br><br>2004<br>Galerie Blau, Palma de Mallorca, Spanien<br><br>2005<br>Galerie Niepel bei Morawitz, D\u00fcsseldorf<br><br>2006<br>Kunstverein Erlangen<br><br>2007<br>Galerie 48, Saarbr\u00fccken<br><br>2009<br>Galerie Kabuth, Gelsenkirchen<br><br>2010<br>GEDOK Schleswig-Holstein, L\u00fcbeck 2011<br>Kunstverein Salzgitter<br><br>2012<br>Kulturspeicher Oldenburg, Landesmuseum f\u00fcr Kunst und Kulturgeschichte<br>Kunstverein Unna (mit Hugo Boguslawski)<br>&#8222;Gegen den Strom&#8220;, Galerie Essigfabrik, L\u00fcbeck (mit Hugo Boguslawski)<br><br>2013<br>Kulturbahnhof Kreuztal<br>Galeria Simon Nolte, Porto Colom, Spanien<br>Kunstverein virtuell-visuell, Dorsten<br>Galerie Cerny + Partner, Wiesbaden<br><br>2014<br>&#8222;Keine Angst vor sch\u00f6n&#8220;, Galerie le c\u0153ur, K\u00f6ln (mit Hugo Boguslawski)<br>Galerie Art Eck, Solingen<br><br>2015<br>&#8222;KEINE ANGST VOR SCH\u00d6N&#8220;, Burg Vischering, L\u00fcdinghausen<br><br>2016<br>&#8222;KEINE ANGST VOR SCH\u00d6N&#8220;, Kunstverein Sch\u00f6ningen<br><br>2017<br>&#8222;KEINE ANGST VOR SCH\u00d6N&#8220;, Haus der Kunst Enniger, Ennigerloh<br><br>2018<br>Galerie Hovestadt, Nottuln<br><br><\/p>\n\n\n\n<p class=\"has-text-color has-button-hover-text-color-color\"><strong>Ausstellungsbeteiligungen<\/strong><\/p>\n\n\n\n<p>1998<br>&#8222;150 Jahre B\u00fcrgerliche Revolution&#8220;, Kunstverein Coburg (Katalog)<br>&#8222;Wasserwerke&#8220;, MEWA Kunstpreis 1998, Wiesbaden (Katalog)<br>&#8222;0082 Unterwegs&#8220;, Leipzig (Katalog)<br>Henry Moore Gallery, Royal College of Art, London, GB<br><br>1999<br>&#8222;In Westf\u00e4lischen Schl\u00f6ssern 99&#8220;, Haus Opherdicke, Unna (Katalog)<br>Grosse Kunstausstellung&#8220;, D\u00fcsseldorf (Katalog)<br><br>2001<br>&#8222;Emprise Art Award 2001&#8220;, NRW-Forum, Ehrenhof, D\u00fcsseldorf (Katalog)<br><br>2002<br>Kunst-Werke Berlin, Institute for Contemporary Art, Berlin (Katalog) <br>Kunstverein Marburg<br>&#8222;Emprise Art Award 2002&#8220;, NRW-Forum, Ehrenhof, D\u00fcsseldorf (Katalog)<br>Museum Abtei Liesborn, Liesborn<br>Galerie Niepel bei Morawitz, D\u00fcsseldorf<br>&#8222;Grosse Kunstausstellung&#8220;, D\u00fcsseldorf (Katalog)<br><br>2003<br>&#8222;Darmst\u00e4dter Sezession&#8220;, Darmstadt (Katalog)<br>&#8222;25 internationale Drachen&#8220;, Kunstverein Worms<br>Galerie Schlehn, Hannover<br><br>2004<br>&#8222;Malereiforum&#8220;, Kunsthalle Recklinghausen (Katalog)<br><br>2005<br>XIV. Deutsche Internationale Grafik-Triennale Frechen, Kunstverein zu Frechen (Katalog)<br>Galerie Heidi Borutta, Recklinghausen<br><br>2006<br>Galerie KunstTachometer Theofilos Klonaris, Palma de Mallorca, Spanien<br><br>2007<br>Galerie Niepel bei Morawitz<br><br>2008<br>&#8222;Preview&#8220;, K\u00fcnstlergruppe RheinBr\u00fccke, cubus-Kunsthalle, Duisburg 2009<br>&#8222;Figurative Kunst aus Korea&#8220;, Die Galerie, Frankfurt am Main<br>Kunstverein Sulzbach (mit der K\u00fcnstlergruppe RheinBr\u00fccke)<br>Kunstverein Oberhausen, &#8222;Kunstsommer 2009&#8220; (mit der K\u00fcnstlergruppe RheinBr\u00fccke)<br>cubus Kunsthalle, Duisburg (mit der K\u00fcnstlergruppe RheinBr\u00fccke)<br><br>2010<br>&#8222;Round One: Great Experiment&#8220;, Driesch &amp; Klonaris Contemporary Art Palma de Mallorca, panien<br>Galerie CP Cerny + Partner, Wiesbaden<br>Kunstverein zu Frechen (mit der K\u00fcnstlergruppe RheinBr\u00fccke)<br>Galerie Kabuth, Gelsenkirchen<br><br>2011<br>&#8222;ornamental&#8220;, St\u00e4dtische Galerie Lippstadt<br>&#8222;Menschenbilder&#8220;, Fr\u00e4nkische Galerie, Kronach <br><br>2012<br>Espace des Blancs-Manteaux, Paris, Frankreich (K\u00fcnstlergruppe RheinBr\u00fccke u.a.)<br>Kunstverein Wesseling<br>Galerie Nolte, M\u00fcnster<br>ART.FAIR 2012\/ Galerie Nolte, M\u00fcnster<br>Kunstverein Gelsenkirchen <br><br>2013<br>&#8222;Augenblick!&#8220;, Galerie 48, Saarbr\u00fccken (K\u00fcnstlergruppe RheinBr\u00fccke u.a.)<br>ART Karlsruhe\/ Galerie Cerny + Partner, Wiesbaden <br><br>2014<br>K\u00f6lner Liste\/ Galerie Cerny + Partner, Wiesbaden<br>&#8222;Sommerfrische&#8220;, Galerie Hovestadt, Nottuln <br><br>2015<br>&#8222;DIE GROSSE 2015&#8220;, Museum Kunstpalast, D\u00fcsseldorf<br>C.A.R. Contemporary Art Ruhr, Zeche Zollverein, Essen (Galerie Art Eck, Solingen) <br><br>2016<br>Galerie Art Eck, Solingen<br>Galerie Essig, Essigfabrik L\u00fcbeck<br>&#8222;Sinn und Unsinn&#8220;, K\u00fcnstlerverein Malkasten, D\u00fcsseldorf<br>ART Vischering, L\u00fcdinghausen <br><br>2017<br>&#8222;K\u00f6 meets Art&#8220;, K\u00f6-Galerie, D\u00fcsseldorf<br>Kunstverein Oberhausen<br>&#8222;Keine Angst vor Sch\u00f6n&#8220;, Kulturforum FFFZ, D\u00fcsseldorf<br>&#8222;Bilder die wir lieben&#8220;, K\u00fcnstlerverein Malkasten, D\u00fcsseldorf <br><br>2018<br>&#8222;Kunstsalon IV&#8220;, Galerie ART-ECK, Solingen<br>Haus der Kunst Enniger, Ennigerloh <br><br>2019<br>Recent Work Gallery\/ Asia Culture Center, Gwangju, Korea<br>&#8222;K\u00fcnstlergruppe RheinBr\u00fccke&#8220;, Haus der Kunst Enniger, Ennigerloh<br>&#8222;DIE GROSSE 2019&#8220;, Museum Kunstpalast, D\u00fcsseldorf <\/p>\n\n\n\n<p>2021<br>&#8222;ReNatur: Evolution \u2013 Natur \u2013 Industrie&#8220;, cubus kunsthalle, Duisburg<br>&#8222;ReNatur: Evolution \u2013 Natur \u2013 Industrie&#8220;, K\u00fcnstlerzeche Unser Fritz, Herne<\/p>\n\n\n\n<p><br><\/p>\n\n\n\n<p class=\"has-text-align-right\"><a href=\"https:\/\/rhein-bruecke.com\/?page_id=15\">\u21e7  nach oben<\/a><\/p>\n","protected":false},"excerpt":{"rendered":"<p>Min Clara Kim Webseite: min-clara-kim.com Biografie 1966geboren in Seoul, Korea 1985-1989Kunststudium an der Hong-Ik Universit\u00e4t in Seoul 1994-2002Studium an der Kunstakademie M\u00fcnsterbei Professor Hermann &#8211; Josef Kuhna 1998Meistersch\u00fclerin 2002Akademiebrief lebt in D\u00fcsseldorf Preise und Stipendien 1999Europastipendium Wien 2002Kunstpreis der Deutschen &hellip;<\/p>\n<p class=\"read-more\"> <a class=\"more-link\" href=\"https:\/\/rhein-bruecke.com\/?page_id=15\"> <span class=\"screen-reader-text\">Min Clara Kim<\/span> Weiterlesen &raquo;<\/a><\/p>\n","protected":false},"author":1,"featured_media":0,"parent":0,"menu_order":0,"comment_status":"closed","ping_status":"closed","template":"","meta":{"footnotes":""},"class_list":["post-15","page","type-page","status-publish","hentry"],"_links":{"self":[{"href":"https:\/\/rhein-bruecke.com\/index.php?rest_route=\/wp\/v2\/pages\/15","targetHints":{"allow":["GET"]}}],"collection":[{"href":"https:\/\/rhein-bruecke.com\/index.php?rest_route=\/wp\/v2\/pages"}],"about":[{"href":"https:\/\/rhein-bruecke.com\/index.php?rest_route=\/wp\/v2\/types\/page"}],"author":[{"embeddable":true,"href":"https:\/\/rhein-bruecke.com\/index.php?rest_route=\/wp\/v2\/users\/1"}],"replies":[{"embeddable":true,"href":"https:\/\/rhein-bruecke.com\/index.php?rest_route=%2Fwp%2Fv2%2Fcomments&post=15"}],"version-history":[{"count":17,"href":"https:\/\/rhein-bruecke.com\/index.php?rest_route=\/wp\/v2\/pages\/15\/revisions"}],"predecessor-version":[{"id":391,"href":"https:\/\/rhein-bruecke.com\/index.php?rest_route=\/wp\/v2\/pages\/15\/revisions\/391"}],"wp:attachment":[{"href":"https:\/\/rhein-bruecke.com\/index.php?rest_route=%2Fwp%2Fv2%2Fmedia&parent=15"}],"curies":[{"name":"wp","href":"https:\/\/api.w.org\/{rel}","templated":true}]}}